{"id":18228,"date":"2025-08-21T15:14:00","date_gmt":"2025-08-21T13:14:00","guid":{"rendered":"https:\/\/meliangrupp.ee\/?page_id=18228"},"modified":"2025-08-21T15:21:51","modified_gmt":"2025-08-21T13:21:51","slug":"spin-equipment","status":"publish","type":"page","link":"https:\/\/meliangrupp.ee\/en\/spin-equipment\/","title":{"rendered":"Spin Equipment"},"content":{"rendered":"\t\t<div data-elementor-type=\"wp-page\" data-elementor-id=\"18228\" class=\"elementor elementor-18228\" data-elementor-post-type=\"page\">\n\t\t\t\t\t\t<section class=\"elementor-section elementor-top-section elementor-element elementor-element-c2774ee elementor-section-boxed elementor-section-height-default elementor-section-height-default\" data-id=\"c2774ee\" data-element_type=\"section\" data-e-type=\"section\">\n\t\t\t\t\t\t<div class=\"elementor-container elementor-column-gap-default\">\n\t\t\t\t\t<div class=\"elementor-column elementor-col-100 elementor-top-column elementor-element elementor-element-bb8e14a\" data-id=\"bb8e14a\" data-element_type=\"column\" data-e-type=\"column\">\n\t\t\t<div class=\"elementor-widget-wrap elementor-element-populated\">\n\t\t\t\t\t\t<div class=\"elementor-element elementor-element-032a716 elementor-widget elementor-widget-html\" data-id=\"032a716\" data-element_type=\"widget\" data-e-type=\"widget\" data-widget_type=\"html.default\">\n\t\t\t\t<div class=\"elementor-widget-container\">\n\t\t\t\t\t<section class=\"spin\" style=\"margin-top:40px;\">\r\n  <h2 style=\"text-align: center;\">SPIN \u2014 Automotive Expertise from Italy<\/h2>\r\n  <p style=\"text-align: center;\">\r\n     SPIN combines innovation, reliability, and precision for modern service centers. \r\n    From A\/C service stations to brake bleeders, injectors cleaning benches, heating inductors and testing devices \u2013 \r\n   \r\n  <\/p>\r\n\r\n  <div style=\"display: grid; grid-template-columns: repeat(auto-fit, minmax(280px, 1fr)); gap: 20px; margin-top: 40px;\">\r\n\r\n    <!-- Product 1 -->\r\n    <div style=\"border:1px solid #ccc; padding:20px; border-radius:12px; display:flex; flex-direction:column; justify-content:space-between; height:100%;\">\r\n      <div>\r\n        <h3>Breeze X4 Dual Touch \u2014 A\/C Station<\/h3>\r\n        <img decoding=\"async\" src=\"https:\/\/meliangrupp.ee\/wp-content\/uploads\/2025\/08\/spin1.png\" alt=\"SPIN Breeze X4 Dual Touch A\/C station\" style=\"width:100%; height:auto; border-radius:8px; margin-bottom:10px;\">\r\n        <p>7\u2033 touchscreen, two separate circuits for R134a and HFO1234yf, 2\u00d710.5 kg tanks, 2\u00d7400 g\/min compressor, USB and optional Wi-Fi.<\/p>\r\n      <\/div>\r\n      <a href=\"#contact\" style=\"margin-top:20px; background:#c62828; color:#fff; padding:10px 20px; border-radius:6px; text-decoration:none; align-self:flex-start;\">Request a quote<\/a>\r\n    <\/div>\r\n\r\n    <!-- Product 2 -->\r\n    <div style=\"border:1px solid #ccc; padding:20px; border-radius:12px; display:flex; flex-direction:column; justify-content:space-between; height:100%;\">\r\n      <div>\r\n        <h3>Easy Flush Pro \u2014 A\/C & HVAC Flushing Machine<\/h3>\r\n        <img decoding=\"async\" src=\"https:\/\/meliangrupp.ee\/wp-content\/uploads\/2025\/08\/spin2.png\" alt=\"SPIN Easy Flush Pro flushing machine\" style=\"width:100%; height:auto; border-radius:8px; margin-bottom:10px;\">\r\n        <p>20 L tank, up to 5.5 l\/min pump, glass flow meter, printer, multi-language software. 230 V power supply.<\/p>\r\n      <\/div>\r\n      <a href=\"#contact\" style=\"margin-top:20px; background:#c62828; color:#fff; padding:10px 20px; border-radius:6px; text-decoration:none; align-self:flex-start;\">Request a quote<\/a>\r\n    <\/div>\r\n\r\n    <!-- Product 3 -->\r\n    <div style=\"border:1px solid #ccc; padding:20px; border-radius:12px; display:flex; flex-direction:column; justify-content:space-between; height:100%;\">\r\n      <div>\r\n        <h3>ATF X-Drive \u2014 Automatic Transmission Fluid Exchanger<\/h3>\r\n        <img decoding=\"async\" src=\"https:\/\/meliangrupp.ee\/wp-content\/uploads\/2025\/08\/spin3.png\" alt=\"SPIN ATF X-Drive exchanger\" style=\"width:100%; height:auto; border-radius:8px; margin-bottom:10px;\">\r\n        <p>10\u2033 removable tablet (Wi-Fi\/4G\/Bluetooth), integrated database, automatic oil recognition, printer (option), 12 V\/220 V supply.<\/p>\r\n      <\/div>\r\n      <a href=\"#contact\" style=\"margin-top:20px; background:#c62828; color:#fff; padding:10px 20px; border-radius:6px; text-decoration:none; align-self:flex-start;\">Request a quote<\/a>\r\n    <\/div>\r\n\r\n    <!-- Product 4 -->\r\n    <div style=\"border:1px solid #ccc; padding:20px; border-radius:12px; display:flex; flex-direction:column; justify-content:space-between; height:100%;\">\r\n      <div>\r\n        <h3>Mastermate Profi \u2014 Injector Test & Cleaning Bench<\/h3>\r\n        <img decoding=\"async\" src=\"https:\/\/meliangrupp.ee\/wp-content\/uploads\/2025\/08\/spin4.png\" alt=\"SPIN Mastermate Profi injector test bench\" style=\"width:100%; height:auto; border-radius:8px; margin-bottom:10px;\">\r\n        <p>Up to 6 injectors, supports SPI\/MPI\/GDI\/JTS, LPG\/methane injectors, ultrasonic tank, up to 11 bar pump, 13 programs.<\/p>\r\n      <\/div>\r\n      <a href=\"#contact\" style=\"margin-top:20px; background:#c62828; color:#fff; padding:10px 20px; border-radius:6px; text-decoration:none; align-self:flex-start;\">Request a quote<\/a>\r\n    <\/div>\r\n\r\n    <!-- Product 5 -->\r\n    <div style=\"border:1px solid #ccc; padding:20px; border-radius:12px; display:flex; flex-direction:column; justify-content:space-between; height:100%;\">\r\n      <div>\r\n        <h3>Brake Mate ECO \u2014 Brake Bleeding Unit<\/h3>\r\n        <img decoding=\"async\" src=\"https:\/\/meliangrupp.ee\/wp-content\/uploads\/2025\/08\/spin5.png\" alt=\"SPIN Brake Mate ECO brake bleeder\" style=\"width:100%; height:auto; border-radius:8px; margin-bottom:10px;\">\r\n        <p>Two pumps (fresh\/waste), 1 l\/min, 0\u20134 bar, 7.5 m hoses, 5 L tanks, multiple adapters, 230 V supply.<\/p>\r\n      <\/div>\r\n      <a href=\"#contact\" style=\"margin-top:20px; background:#c62828; color:#fff; padding:10px 20px; border-radius:6px; text-decoration:none; align-self:flex-start;\">Request a quote<\/a>\r\n    <\/div>\r\n\r\n    <!-- Product 6 -->\r\n    <div style=\"border:1px solid #ccc; padding:20px; border-radius:12px; display:flex; flex-direction:column; justify-content:space-between; height:100%;\">\r\n      <div>\r\n        <h3>HI 18 \u2014 Heating Inductor 18 kW<\/h3>\r\n        <img decoding=\"async\" src=\"https:\/\/meliangrupp.ee\/wp-content\/uploads\/2025\/08\/spin6.png\" alt=\"SPIN HI18 heating inductor\" style=\"width:100%; height:auto; border-radius:8px; margin-bottom:10px;\">\r\n        <p>Liquid-cooled, 18 kW, 20 L tank, duty cycle 60 min, 20\u201326 kHz frequency, 400 V supply, weight 130 kg.<\/p>\r\n      <\/div>\r\n      <a href=\"#contact\" style=\"margin-top:20px; background:#c62828; color:#fff; padding:10px 20px; border-radius:6px; text-decoration:none; align-self:flex-start;\">Request a quote<\/a>\r\n    <\/div>\r\n\r\n    <!-- Product 7 -->\r\n    <div style=\"border:1px solid #ccc; padding:20px; border-radius:12px; display:flex; flex-direction:column; justify-content:space-between; height:100%;\">\r\n      <div>\r\n        <h3>HL19 D LX \u2014 Headlight Tester<\/h3>\r\n        <img decoding=\"async\" src=\"https:\/\/meliangrupp.ee\/wp-content\/uploads\/2025\/08\/spin7.png\" alt=\"SPIN HL19 D LX headlight tester\" style=\"width:100%; height:auto; border-radius:8px; margin-bottom:10px;\">\r\n        <p>Mechanical beam tester with digital luxmeter, mirror visor, \u00d8200 lens, adjustable panel, HAL\/LED\/XEN switch.<\/p>\r\n      <\/div>\r\n      <a href=\"#contact\" style=\"margin-top:20px; background:#c62828; color:#fff; padding:10px 20px; border-radius:6px; text-decoration:none; align-self:flex-start;\">Request a quote<\/a>\r\n    <\/div>\r\n\r\n    <!-- Product 8 -->\r\n    <div style=\"border:1px solid #ccc; padding:20px; border-radius:12px; display:flex; flex-direction:column; justify-content:space-between; height:100%;\">\r\n      <div>\r\n        <h3>Brake Fluid Boiling Point Tester 12 V DC<\/h3>\r\n        <img decoding=\"async\" src=\"https:\/\/meliangrupp.ee\/wp-content\/uploads\/2025\/08\/spin8.png\" alt=\"SPIN brake fluid boiling tester 12V\" style=\"width:100%; height:auto; border-radius:8px; margin-bottom:10px;\">\r\n        <p>12 V battery powered, 0\u2013320 \u00b0C measuring range, TFT display, compatible with DOT3\u2013DOT5.1 fluids.<\/p>\r\n      <\/div>\r\n      <a href=\"#contact\" style=\"margin-top:20px; background:#c62828; color:#fff; padding:10px 20px; border-radius:6px; text-decoration:none; align-self:flex-start;\">Request a quote<\/a>\r\n    <\/div>\r\n\r\n    <!-- Catalogue -->\r\n    <div style=\"grid-column:1 \/ -1; width:100%; margin:22px 0 10px;\">\r\n      <div style=\"display:flex; align-items:center; justify-content:space-between; gap:16px; flex-wrap:wrap;\r\n                  padding:12px 0; border-top:1px solid #e5e7eb; border-bottom:1px solid #e5e7eb;\">\r\n        <div style=\"max-width:820px;\">\r\n          <strong style=\"display:block; font-size:18px; margin-bottom:4px;\">SPIN \u2014 Full Catalogue (PDF)<\/strong>\r\n          <span style=\"color:#667085;\">Looking for more models? Download the full catalogue.<\/span>\r\n        <\/div>\r\n        <div style=\"display:flex; gap:10px; flex-shrink:0;\">\r\n          <a href=\"https:\/\/meliangrupp.ee\/wp-content\/uploads\/2025\/08\/spin-catalogue-2-pdf.pdf\" target=\"_blank\" rel=\"noopener\" style=\"display:inline-block; padding:10px 16px; text-decoration:none; font-weight:600; border:1px solid #c62828;\">Download PDF<\/a>\r\n          <a href=\"https:\/\/meliangrupp.ee\/wp-content\/uploads\/2025\/08\/spin-catalogue-2-pdf.pdf\" target=\"_blank\" rel=\"noopener\" style=\"display:inline-block; padding:10px 16px; text-decoration:none; font-weight:600; border:1px solid #e5e7eb;\">Open online<\/a>\r\n        <\/div>\r\n      <\/div>\r\n    <\/div>\r\n\r\n    <!-- Contact block -->\r\n    <div style=\"grid-column:1 \/ -1; width:100%; margin:6px 0 0;\">\r\n      <div style=\"display:flex; align-items:center; justify-content:space-between; gap:16px; flex-wrap:wrap;\r\n                  padding:14px 18px; background:#0f172a; color:#e2e8f0;\">\r\n        <div style=\"max-width:820px;\">\r\n          <strong style=\"display:block; font-size:20px; color:#fff; margin:0 0 4px;\">Request a quote<\/strong>\r\n          <span style=\"color:#cbd5e1;\">Please specify SPIN model, quantity and delivery address \u2014 we will reply within one business day.<\/span>\r\n        <\/div>\r\n        <div>\r\n          <a href=\"#contact\" style=\"display:inline-block; padding:10px 16px; text-decoration:none; font-weight:700; background:#fff; color:#0f172a;\">Go to form<\/a>\r\n        <\/div>\r\n      <\/div>\r\n    <\/div>\r\n\r\n  <\/div>\r\n<\/section>\r\n\t\t\t\t<\/div>\n\t\t\t\t<\/div>\n\t\t\t\t\t<\/div>\n\t\t<\/div>\n\t\t\t\t\t<\/div>\n\t\t<\/section>\n\t\t\t\t<section class=\"elementor-section elementor-top-section elementor-element elementor-element-c61c4d1 elementor-section-boxed elementor-section-height-default elementor-section-height-default\" data-id=\"c61c4d1\" data-element_type=\"section\" data-e-type=\"section\">\n\t\t\t\t\t\t<div class=\"elementor-container elementor-column-gap-default\">\n\t\t\t\t\t<div class=\"elementor-column elementor-col-100 elementor-top-column elementor-element elementor-element-9663b6a\" data-id=\"9663b6a\" data-element_type=\"column\" data-e-type=\"column\">\n\t\t\t<div class=\"elementor-widget-wrap elementor-element-populated\">\n\t\t\t\t\t\t<div class=\"elementor-element elementor-element-074c9cf elementor-button-align-stretch elementor-widget elementor-widget-form\" data-id=\"074c9cf\" data-element_type=\"widget\" data-e-type=\"widget\" id=\"contact\" data-settings=\"{&quot;step_next_label&quot;:&quot;Next&quot;,&quot;step_previous_label&quot;:&quot;Previous&quot;,&quot;button_width&quot;:&quot;100&quot;,&quot;step_type&quot;:&quot;number_text&quot;,&quot;step_icon_shape&quot;:&quot;circle&quot;}\" data-widget_type=\"form.default\">\n\t\t\t\t<div class=\"elementor-widget-container\">\n\t\t\t\t\t\t\t<form class=\"elementor-form\" method=\"post\" name=\"New Form\" aria-label=\"New Form\">\n\t\t\t<input type=\"hidden\" name=\"post_id\" value=\"18228\"\/>\n\t\t\t<input type=\"hidden\" name=\"form_id\" value=\"074c9cf\"\/>\n\t\t\t<input type=\"hidden\" name=\"referer_title\" value=\"Spin Equipment - Melian Grupp O&Uuml;\" \/>\n\n\t\t\t\t\t\t\t<input type=\"hidden\" name=\"queried_id\" value=\"18228\"\/>\n\t\t\t\n\t\t\t<div class=\"elementor-form-fields-wrapper elementor-labels-above\">\n\t\t\t\t\t\t\t\t<div class=\"elementor-field-type-text elementor-field-group elementor-column elementor-field-group-name elementor-col-100\">\n\t\t\t\t\t\t\t\t\t\t\t\t<label for=\"form-field-name\" class=\"elementor-field-label\">\n\t\t\t\t\t\t\t\tName\t\t\t\t\t\t\t<\/label>\n\t\t\t\t\t\t\t\t\t\t\t\t\t\t<input size=\"1\" type=\"text\" name=\"form_fields[name]\" id=\"form-field-name\" class=\"elementor-field elementor-size-sm  elementor-field-textual\" placeholder=\"Name\">\n\t\t\t\t\t\t\t\t\t\t\t<\/div>\n\t\t\t\t\t\t\t\t<div class=\"elementor-field-type-email elementor-field-group elementor-column elementor-field-group-email elementor-col-100 elementor-field-required\">\n\t\t\t\t\t\t\t\t\t\t\t\t<label for=\"form-field-email\" class=\"elementor-field-label\">\n\t\t\t\t\t\t\t\tEmail\t\t\t\t\t\t\t<\/label>\n\t\t\t\t\t\t\t\t\t\t\t\t\t\t<input size=\"1\" type=\"email\" name=\"form_fields[email]\" id=\"form-field-email\" class=\"elementor-field elementor-size-sm  elementor-field-textual\" placeholder=\"Email\" required=\"required\">\n\t\t\t\t\t\t\t\t\t\t\t<\/div>\n\t\t\t\t\t\t\t\t<div class=\"elementor-field-type-textarea elementor-field-group elementor-column elementor-field-group-message elementor-col-100\">\n\t\t\t\t\t\t\t\t\t\t\t\t<label for=\"form-field-message\" class=\"elementor-field-label\">\n\t\t\t\t\t\t\t\tMessage\t\t\t\t\t\t\t<\/label>\n\t\t\t\t\t\t<textarea class=\"elementor-field-textual elementor-field  elementor-size-sm\" name=\"form_fields[message]\" id=\"form-field-message\" rows=\"4\" placeholder=\"Message\"><\/textarea>\t\t\t\t<\/div>\n\t\t\t\t\t\t\t\t<div class=\"elementor-field-group elementor-column elementor-field-type-submit elementor-col-100 e-form__buttons\">\n\t\t\t\t\t<button class=\"elementor-button elementor-size-sm\" type=\"submit\">\n\t\t\t\t\t\t<span class=\"elementor-button-content-wrapper\">\n\t\t\t\t\t\t\t\t\t\t\t\t\t\t\t\t\t\t\t\t\t\t<span class=\"elementor-button-text\">Submit<\/span>\n\t\t\t\t\t\t\t\t\t\t\t\t\t<\/span>\n\t\t\t\t\t<\/button>\n\t\t\t\t<\/div>\n\t\t\t<\/div>\n\t\t<\/form>\n\t\t\t\t\t\t<\/div>\n\t\t\t\t<\/div>\n\t\t\t\t\t<\/div>\n\t\t<\/div>\n\t\t\t\t\t<\/div>\n\t\t<\/section>\n\t\t\t\t<\/div>\n\t\t","protected":false},"excerpt":{"rendered":"<p>SPIN \u2014 Automotive Expertise from Italy SPIN combines innovation, reliability, and precision for modern service centers. From A\/C service stations to brake bleeders, injectors cleaning benches, heating inductors and testing devices \u2013 Breeze X4 Dual Touch \u2014 A\/C Station 7\u2033 touchscreen, two separate circuits for R134a and HFO1234yf, 2\u00d710.5 kg tanks, 2\u00d7400 g\/min compressor, USB [&hellip;]<\/p>\n","protected":false},"author":5,"featured_media":0,"parent":0,"menu_order":0,"comment_status":"closed","ping_status":"closed","template":"","meta":{"footnotes":""},"class_list":["post-18228","page","type-page","status-publish","hentry"],"yoast_head":"<!-- This site is optimized with the Yoast SEO plugin v27.4 - https:\/\/yoast.com\/product\/yoast-seo-wordpress\/ -->\n<title>Spin Equipment - Melian Grupp O&Uuml;<\/title>\n<meta name=\"robots\" content=\"index, follow, max-snippet:-1, max-image-preview:large, max-video-preview:-1\" \/>\n<link rel=\"canonical\" href=\"https:\/\/meliangrupp.ee\/en\/spin-equipment\/\" \/>\n<meta property=\"og:locale\" content=\"en_US\" \/>\n<meta property=\"og:type\" content=\"article\" \/>\n<meta property=\"og:title\" content=\"Spin Equipment - Melian Grupp O&Uuml;\" \/>\n<meta property=\"og:description\" content=\"SPIN \u2014 Automotive Expertise from Italy SPIN combines innovation, reliability, and precision for modern service centers. From A\/C service stations to brake bleeders, injectors cleaning benches, heating inductors and testing devices \u2013 Breeze X4 Dual Touch \u2014 A\/C Station 7\u2033 touchscreen, two separate circuits for R134a and HFO1234yf, 2\u00d710.5 kg tanks, 2\u00d7400 g\/min compressor, USB [&hellip;]\" \/>\n<meta property=\"og:url\" content=\"https:\/\/meliangrupp.ee\/en\/spin-equipment\/\" \/>\n<meta property=\"og:site_name\" content=\"Melian Grupp O&Uuml;\" \/>\n<meta property=\"article:modified_time\" content=\"2025-08-21T13:21:51+00:00\" \/>\n<meta property=\"og:image\" content=\"https:\/\/meliangrupp.ee\/wp-content\/uploads\/2025\/08\/spin1.png\" \/>\n<meta name=\"twitter:card\" content=\"summary_large_image\" \/>\n<meta name=\"twitter:label1\" content=\"Est. reading time\" \/>\n\t<meta name=\"twitter:data1\" content=\"3 minutes\" \/>\n<script type=\"application\/ld+json\" class=\"yoast-schema-graph\">{\"@context\":\"https:\\\/\\\/schema.org\",\"@graph\":[{\"@type\":\"WebPage\",\"@id\":\"https:\\\/\\\/meliangrupp.ee\\\/en\\\/spin-equipment\\\/\",\"url\":\"https:\\\/\\\/meliangrupp.ee\\\/en\\\/spin-equipment\\\/\",\"name\":\"Spin Equipment - Melian Grupp O&Uuml;\",\"isPartOf\":{\"@id\":\"https:\\\/\\\/meliangrupp.ee\\\/#website\"},\"primaryImageOfPage\":{\"@id\":\"https:\\\/\\\/meliangrupp.ee\\\/en\\\/spin-equipment\\\/#primaryimage\"},\"image\":{\"@id\":\"https:\\\/\\\/meliangrupp.ee\\\/en\\\/spin-equipment\\\/#primaryimage\"},\"thumbnailUrl\":\"https:\\\/\\\/meliangrupp.ee\\\/wp-content\\\/uploads\\\/2025\\\/08\\\/spin1.png\",\"datePublished\":\"2025-08-21T13:14:00+00:00\",\"dateModified\":\"2025-08-21T13:21:51+00:00\",\"breadcrumb\":{\"@id\":\"https:\\\/\\\/meliangrupp.ee\\\/en\\\/spin-equipment\\\/#breadcrumb\"},\"inLanguage\":\"en-US\",\"potentialAction\":[{\"@type\":\"ReadAction\",\"target\":[\"https:\\\/\\\/meliangrupp.ee\\\/en\\\/spin-equipment\\\/\"]}]},{\"@type\":\"ImageObject\",\"inLanguage\":\"en-US\",\"@id\":\"https:\\\/\\\/meliangrupp.ee\\\/en\\\/spin-equipment\\\/#primaryimage\",\"url\":\"https:\\\/\\\/meliangrupp.ee\\\/wp-content\\\/uploads\\\/2025\\\/08\\\/spin1.png\",\"contentUrl\":\"https:\\\/\\\/meliangrupp.ee\\\/wp-content\\\/uploads\\\/2025\\\/08\\\/spin1.png\"},{\"@type\":\"BreadcrumbList\",\"@id\":\"https:\\\/\\\/meliangrupp.ee\\\/en\\\/spin-equipment\\\/#breadcrumb\",\"itemListElement\":[{\"@type\":\"ListItem\",\"position\":1,\"name\":\"Home\",\"item\":\"https:\\\/\\\/meliangrupp.ee\\\/en\\\/\"},{\"@type\":\"ListItem\",\"position\":2,\"name\":\"Spin Equipment\"}]},{\"@type\":\"WebSite\",\"@id\":\"https:\\\/\\\/meliangrupp.ee\\\/#website\",\"url\":\"https:\\\/\\\/meliangrupp.ee\\\/\",\"name\":\"Melian Grupp O\u00dc\",\"description\":\"Autopesu- ja garaa\u017eiseadmete paigalduse, hoolduse- ja remont\",\"publisher\":{\"@id\":\"https:\\\/\\\/meliangrupp.ee\\\/#organization\"},\"potentialAction\":[{\"@type\":\"SearchAction\",\"target\":{\"@type\":\"EntryPoint\",\"urlTemplate\":\"https:\\\/\\\/meliangrupp.ee\\\/?s={search_term_string}\"},\"query-input\":{\"@type\":\"PropertyValueSpecification\",\"valueRequired\":true,\"valueName\":\"search_term_string\"}}],\"inLanguage\":\"en-US\"},{\"@type\":\"Organization\",\"@id\":\"https:\\\/\\\/meliangrupp.ee\\\/#organization\",\"name\":\"Melian Grupp O\u00dc\",\"url\":\"https:\\\/\\\/meliangrupp.ee\\\/\",\"logo\":{\"@type\":\"ImageObject\",\"inLanguage\":\"en-US\",\"@id\":\"https:\\\/\\\/meliangrupp.ee\\\/#\\\/schema\\\/logo\\\/image\\\/\",\"url\":\"https:\\\/\\\/meliangrupp.ee\\\/wp-content\\\/uploads\\\/2024\\\/06\\\/MELIANKODUKALE.png\",\"contentUrl\":\"https:\\\/\\\/meliangrupp.ee\\\/wp-content\\\/uploads\\\/2024\\\/06\\\/MELIANKODUKALE.png\",\"width\":220,\"height\":81,\"caption\":\"Melian Grupp O\u00dc\"},\"image\":{\"@id\":\"https:\\\/\\\/meliangrupp.ee\\\/#\\\/schema\\\/logo\\\/image\\\/\"},\"description\":\"Melian Grupp O\u00dc on autohoolduse ja seadmete m\u00fc\u00fcgi ettev\u00f5te Eestis\",\"email\":\"info@meliangrupp.ee\"}]}<\/script>\n<!-- \/ Yoast SEO plugin. -->","yoast_head_json":{"title":"Spin Equipment - Melian Grupp O&Uuml;","robots":{"index":"index","follow":"follow","max-snippet":"max-snippet:-1","max-image-preview":"max-image-preview:large","max-video-preview":"max-video-preview:-1"},"canonical":"https:\/\/meliangrupp.ee\/en\/spin-equipment\/","og_locale":"en_US","og_type":"article","og_title":"Spin Equipment - Melian Grupp O&Uuml;","og_description":"SPIN \u2014 Automotive Expertise from Italy SPIN combines innovation, reliability, and precision for modern service centers. From A\/C service stations to brake bleeders, injectors cleaning benches, heating inductors and testing devices \u2013 Breeze X4 Dual Touch \u2014 A\/C Station 7\u2033 touchscreen, two separate circuits for R134a and HFO1234yf, 2\u00d710.5 kg tanks, 2\u00d7400 g\/min compressor, USB [&hellip;]","og_url":"https:\/\/meliangrupp.ee\/en\/spin-equipment\/","og_site_name":"Melian Grupp O&Uuml;","article_modified_time":"2025-08-21T13:21:51+00:00","og_image":[{"url":"https:\/\/meliangrupp.ee\/wp-content\/uploads\/2025\/08\/spin1.png","type":"","width":"","height":""}],"twitter_card":"summary_large_image","twitter_misc":{"Est. reading time":"3 minutes"},"schema":{"@context":"https:\/\/schema.org","@graph":[{"@type":"WebPage","@id":"https:\/\/meliangrupp.ee\/en\/spin-equipment\/","url":"https:\/\/meliangrupp.ee\/en\/spin-equipment\/","name":"Spin Equipment - Melian Grupp O&Uuml;","isPartOf":{"@id":"https:\/\/meliangrupp.ee\/#website"},"primaryImageOfPage":{"@id":"https:\/\/meliangrupp.ee\/en\/spin-equipment\/#primaryimage"},"image":{"@id":"https:\/\/meliangrupp.ee\/en\/spin-equipment\/#primaryimage"},"thumbnailUrl":"https:\/\/meliangrupp.ee\/wp-content\/uploads\/2025\/08\/spin1.png","datePublished":"2025-08-21T13:14:00+00:00","dateModified":"2025-08-21T13:21:51+00:00","breadcrumb":{"@id":"https:\/\/meliangrupp.ee\/en\/spin-equipment\/#breadcrumb"},"inLanguage":"en-US","potentialAction":[{"@type":"ReadAction","target":["https:\/\/meliangrupp.ee\/en\/spin-equipment\/"]}]},{"@type":"ImageObject","inLanguage":"en-US","@id":"https:\/\/meliangrupp.ee\/en\/spin-equipment\/#primaryimage","url":"https:\/\/meliangrupp.ee\/wp-content\/uploads\/2025\/08\/spin1.png","contentUrl":"https:\/\/meliangrupp.ee\/wp-content\/uploads\/2025\/08\/spin1.png"},{"@type":"BreadcrumbList","@id":"https:\/\/meliangrupp.ee\/en\/spin-equipment\/#breadcrumb","itemListElement":[{"@type":"ListItem","position":1,"name":"Home","item":"https:\/\/meliangrupp.ee\/en\/"},{"@type":"ListItem","position":2,"name":"Spin Equipment"}]},{"@type":"WebSite","@id":"https:\/\/meliangrupp.ee\/#website","url":"https:\/\/meliangrupp.ee\/","name":"Melian Grupp O\u00dc","description":"Autopesu- ja garaa\u017eiseadmete paigalduse, hoolduse- ja remont","publisher":{"@id":"https:\/\/meliangrupp.ee\/#organization"},"potentialAction":[{"@type":"SearchAction","target":{"@type":"EntryPoint","urlTemplate":"https:\/\/meliangrupp.ee\/?s={search_term_string}"},"query-input":{"@type":"PropertyValueSpecification","valueRequired":true,"valueName":"search_term_string"}}],"inLanguage":"en-US"},{"@type":"Organization","@id":"https:\/\/meliangrupp.ee\/#organization","name":"Melian Grupp O\u00dc","url":"https:\/\/meliangrupp.ee\/","logo":{"@type":"ImageObject","inLanguage":"en-US","@id":"https:\/\/meliangrupp.ee\/#\/schema\/logo\/image\/","url":"https:\/\/meliangrupp.ee\/wp-content\/uploads\/2024\/06\/MELIANKODUKALE.png","contentUrl":"https:\/\/meliangrupp.ee\/wp-content\/uploads\/2024\/06\/MELIANKODUKALE.png","width":220,"height":81,"caption":"Melian Grupp O\u00dc"},"image":{"@id":"https:\/\/meliangrupp.ee\/#\/schema\/logo\/image\/"},"description":"Melian Grupp O\u00dc on autohoolduse ja seadmete m\u00fc\u00fcgi ettev\u00f5te Eestis","email":"info@meliangrupp.ee"}]}},"_links":{"self":[{"href":"https:\/\/meliangrupp.ee\/en\/wp-json\/wp\/v2\/pages\/18228","targetHints":{"allow":["GET"]}}],"collection":[{"href":"https:\/\/meliangrupp.ee\/en\/wp-json\/wp\/v2\/pages"}],"about":[{"href":"https:\/\/meliangrupp.ee\/en\/wp-json\/wp\/v2\/types\/page"}],"author":[{"embeddable":true,"href":"https:\/\/meliangrupp.ee\/en\/wp-json\/wp\/v2\/users\/5"}],"replies":[{"embeddable":true,"href":"https:\/\/meliangrupp.ee\/en\/wp-json\/wp\/v2\/comments?post=18228"}],"version-history":[{"count":5,"href":"https:\/\/meliangrupp.ee\/en\/wp-json\/wp\/v2\/pages\/18228\/revisions"}],"predecessor-version":[{"id":18237,"href":"https:\/\/meliangrupp.ee\/en\/wp-json\/wp\/v2\/pages\/18228\/revisions\/18237"}],"wp:attachment":[{"href":"https:\/\/meliangrupp.ee\/en\/wp-json\/wp\/v2\/media?parent=18228"}],"curies":[{"name":"wp","href":"https:\/\/api.w.org\/{rel}","templated":true}]}}