{"id":16043,"date":"2024-07-10T08:48:29","date_gmt":"2024-07-10T06:48:29","guid":{"rendered":"https:\/\/meliangrupp.ee\/used-and-stocked-equipment\/"},"modified":"2024-08-02T20:18:46","modified_gmt":"2024-08-02T18:18:46","slug":"used-and-stocked-equipment","status":"publish","type":"page","link":"https:\/\/meliangrupp.ee\/en\/used-and-stocked-equipment\/","title":{"rendered":"Used and stocked equipment"},"content":{"rendered":"\t\t<div data-elementor-type=\"wp-page\" data-elementor-id=\"16043\" class=\"elementor elementor-16043 elementor-14956\" data-elementor-post-type=\"page\">\n\t\t\t\t\t\t<section class=\"elementor-section elementor-top-section elementor-element elementor-element-90a0932 elementor-section-full_width elementor-section-height-default elementor-section-height-default\" data-id=\"90a0932\" data-element_type=\"section\" data-e-type=\"section\" data-settings=\"{&quot;background_background&quot;:&quot;classic&quot;}\">\n\t\t\t\t\t\t<div class=\"elementor-container elementor-column-gap-default\">\n\t\t\t\t\t<div class=\"elementor-column elementor-col-100 elementor-top-column elementor-element elementor-element-352c356\" data-id=\"352c356\" data-element_type=\"column\" data-e-type=\"column\">\n\t\t\t<div class=\"elementor-widget-wrap elementor-element-populated\">\n\t\t\t\t\t\t<div class=\"elementor-element elementor-element-1961817 elementor-widget elementor-widget-slides\" data-id=\"1961817\" data-element_type=\"widget\" data-e-type=\"widget\" data-settings=\"{&quot;navigation&quot;:&quot;none&quot;,&quot;transition&quot;:&quot;slide&quot;,&quot;transition_speed&quot;:500}\" data-widget_type=\"slides.default\">\n\t\t\t\t<div class=\"elementor-widget-container\">\n\t\t\t\t\t\t\t\t\t<div class=\"elementor-swiper\">\n\t\t\t\t\t<div class=\"elementor-slides-wrapper elementor-main-swiper swiper\" role=\"region\" aria-roledescription=\"carousel\" aria-label=\"Slides\" dir=\"ltr\" data-animation=\"fadeInUp\">\n\t\t\t\t<div class=\"swiper-wrapper elementor-slides\">\n\t\t\t\t\t\t\t\t\t\t<div class=\"elementor-repeater-item-52303f6 swiper-slide\" role=\"group\" aria-roledescription=\"slide\"><div class=\"swiper-slide-bg\" role=\"img\" aria-label=\"MAP-Communications-Call-Center-for-Automotive-Services\"><\/div><div class=\"elementor-background-overlay\"><\/div><div class=\"swiper-slide-inner\" ><div class=\"swiper-slide-contents\"><div class=\"elementor-slide-heading\">Used and stocked equipment<\/div><\/div><\/div><\/div>\t\t\t\t<\/div>\n\t\t\t\t\t\t\t<\/div>\n\t\t\t\t<\/div>\n\t\t\t\t\t\t\t\t<\/div>\n\t\t\t\t<\/div>\n\t\t\t\t\t<\/div>\n\t\t<\/div>\n\t\t\t\t\t<\/div>\n\t\t<\/section>\n\t\t\t\t<\/div>\n\t\t","protected":false},"excerpt":{"rendered":"<p>Used and stocked equipment<\/p>\n","protected":false},"author":1,"featured_media":-1,"parent":0,"menu_order":0,"comment_status":"closed","ping_status":"closed","template":"","meta":{"footnotes":""},"class_list":["post-16043","page","type-page","status-publish","has-post-thumbnail","hentry"],"yoast_head":"<!-- This site is optimized with the Yoast SEO plugin v27.4 - https:\/\/yoast.com\/product\/yoast-seo-wordpress\/ -->\n<title>Used and stocked equipment - Melian Grupp O&Uuml;<\/title>\n<meta name=\"robots\" content=\"index, follow, max-snippet:-1, max-image-preview:large, max-video-preview:-1\" \/>\n<link rel=\"canonical\" href=\"https:\/\/meliangrupp.ee\/en\/used-and-stocked-equipment\/\" \/>\n<meta property=\"og:locale\" content=\"en_US\" \/>\n<meta property=\"og:type\" content=\"article\" \/>\n<meta property=\"og:title\" content=\"Used and stocked equipment - Melian Grupp O&Uuml;\" \/>\n<meta property=\"og:description\" content=\"Used and stocked equipment\" \/>\n<meta property=\"og:url\" content=\"https:\/\/meliangrupp.ee\/en\/used-and-stocked-equipment\/\" \/>\n<meta property=\"og:site_name\" content=\"Melian Grupp O&Uuml;\" \/>\n<meta property=\"article:modified_time\" content=\"2024-08-02T18:18:46+00:00\" \/>\n<meta name=\"twitter:card\" content=\"summary_large_image\" \/>\n<meta name=\"twitter:label1\" content=\"Est. reading time\" \/>\n\t<meta name=\"twitter:data1\" content=\"1 minute\" \/>\n<script type=\"application\/ld+json\" class=\"yoast-schema-graph\">{\"@context\":\"https:\\\/\\\/schema.org\",\"@graph\":[{\"@type\":\"WebPage\",\"@id\":\"https:\\\/\\\/meliangrupp.ee\\\/en\\\/used-and-stocked-equipment\\\/\",\"url\":\"https:\\\/\\\/meliangrupp.ee\\\/en\\\/used-and-stocked-equipment\\\/\",\"name\":\"Used and stocked equipment - Melian Grupp O&Uuml;\",\"isPartOf\":{\"@id\":\"https:\\\/\\\/meliangrupp.ee\\\/#website\"},\"datePublished\":\"2024-07-10T06:48:29+00:00\",\"dateModified\":\"2024-08-02T18:18:46+00:00\",\"breadcrumb\":{\"@id\":\"https:\\\/\\\/meliangrupp.ee\\\/en\\\/used-and-stocked-equipment\\\/#breadcrumb\"},\"inLanguage\":\"en-US\",\"potentialAction\":[{\"@type\":\"ReadAction\",\"target\":[\"https:\\\/\\\/meliangrupp.ee\\\/en\\\/used-and-stocked-equipment\\\/\"]}]},{\"@type\":\"BreadcrumbList\",\"@id\":\"https:\\\/\\\/meliangrupp.ee\\\/en\\\/used-and-stocked-equipment\\\/#breadcrumb\",\"itemListElement\":[{\"@type\":\"ListItem\",\"position\":1,\"name\":\"Home\",\"item\":\"https:\\\/\\\/meliangrupp.ee\\\/en\\\/\"},{\"@type\":\"ListItem\",\"position\":2,\"name\":\"Used and stocked equipment\"}]},{\"@type\":\"WebSite\",\"@id\":\"https:\\\/\\\/meliangrupp.ee\\\/#website\",\"url\":\"https:\\\/\\\/meliangrupp.ee\\\/\",\"name\":\"Melian Grupp O\u00dc\",\"description\":\"Autopesu- ja garaa\u017eiseadmete paigalduse, hoolduse- ja remont\",\"publisher\":{\"@id\":\"https:\\\/\\\/meliangrupp.ee\\\/#organization\"},\"potentialAction\":[{\"@type\":\"SearchAction\",\"target\":{\"@type\":\"EntryPoint\",\"urlTemplate\":\"https:\\\/\\\/meliangrupp.ee\\\/?s={search_term_string}\"},\"query-input\":{\"@type\":\"PropertyValueSpecification\",\"valueRequired\":true,\"valueName\":\"search_term_string\"}}],\"inLanguage\":\"en-US\"},{\"@type\":\"Organization\",\"@id\":\"https:\\\/\\\/meliangrupp.ee\\\/#organization\",\"name\":\"Melian Grupp O\u00dc\",\"url\":\"https:\\\/\\\/meliangrupp.ee\\\/\",\"logo\":{\"@type\":\"ImageObject\",\"inLanguage\":\"en-US\",\"@id\":\"https:\\\/\\\/meliangrupp.ee\\\/#\\\/schema\\\/logo\\\/image\\\/\",\"url\":\"https:\\\/\\\/meliangrupp.ee\\\/wp-content\\\/uploads\\\/2024\\\/06\\\/MELIANKODUKALE.png\",\"contentUrl\":\"https:\\\/\\\/meliangrupp.ee\\\/wp-content\\\/uploads\\\/2024\\\/06\\\/MELIANKODUKALE.png\",\"width\":220,\"height\":81,\"caption\":\"Melian Grupp O\u00dc\"},\"image\":{\"@id\":\"https:\\\/\\\/meliangrupp.ee\\\/#\\\/schema\\\/logo\\\/image\\\/\"},\"description\":\"Melian Grupp O\u00dc on autohoolduse ja seadmete m\u00fc\u00fcgi ettev\u00f5te Eestis\",\"email\":\"info@meliangrupp.ee\"}]}<\/script>\n<!-- \/ Yoast SEO plugin. -->","yoast_head_json":{"title":"Used and stocked equipment - Melian Grupp O&Uuml;","robots":{"index":"index","follow":"follow","max-snippet":"max-snippet:-1","max-image-preview":"max-image-preview:large","max-video-preview":"max-video-preview:-1"},"canonical":"https:\/\/meliangrupp.ee\/en\/used-and-stocked-equipment\/","og_locale":"en_US","og_type":"article","og_title":"Used and stocked equipment - Melian Grupp O&Uuml;","og_description":"Used and stocked equipment","og_url":"https:\/\/meliangrupp.ee\/en\/used-and-stocked-equipment\/","og_site_name":"Melian Grupp O&Uuml;","article_modified_time":"2024-08-02T18:18:46+00:00","twitter_card":"summary_large_image","twitter_misc":{"Est. reading time":"1 minute"},"schema":{"@context":"https:\/\/schema.org","@graph":[{"@type":"WebPage","@id":"https:\/\/meliangrupp.ee\/en\/used-and-stocked-equipment\/","url":"https:\/\/meliangrupp.ee\/en\/used-and-stocked-equipment\/","name":"Used and stocked equipment - Melian Grupp O&Uuml;","isPartOf":{"@id":"https:\/\/meliangrupp.ee\/#website"},"datePublished":"2024-07-10T06:48:29+00:00","dateModified":"2024-08-02T18:18:46+00:00","breadcrumb":{"@id":"https:\/\/meliangrupp.ee\/en\/used-and-stocked-equipment\/#breadcrumb"},"inLanguage":"en-US","potentialAction":[{"@type":"ReadAction","target":["https:\/\/meliangrupp.ee\/en\/used-and-stocked-equipment\/"]}]},{"@type":"BreadcrumbList","@id":"https:\/\/meliangrupp.ee\/en\/used-and-stocked-equipment\/#breadcrumb","itemListElement":[{"@type":"ListItem","position":1,"name":"Home","item":"https:\/\/meliangrupp.ee\/en\/"},{"@type":"ListItem","position":2,"name":"Used and stocked equipment"}]},{"@type":"WebSite","@id":"https:\/\/meliangrupp.ee\/#website","url":"https:\/\/meliangrupp.ee\/","name":"Melian Grupp O\u00dc","description":"Autopesu- ja garaa\u017eiseadmete paigalduse, hoolduse- ja remont","publisher":{"@id":"https:\/\/meliangrupp.ee\/#organization"},"potentialAction":[{"@type":"SearchAction","target":{"@type":"EntryPoint","urlTemplate":"https:\/\/meliangrupp.ee\/?s={search_term_string}"},"query-input":{"@type":"PropertyValueSpecification","valueRequired":true,"valueName":"search_term_string"}}],"inLanguage":"en-US"},{"@type":"Organization","@id":"https:\/\/meliangrupp.ee\/#organization","name":"Melian Grupp O\u00dc","url":"https:\/\/meliangrupp.ee\/","logo":{"@type":"ImageObject","inLanguage":"en-US","@id":"https:\/\/meliangrupp.ee\/#\/schema\/logo\/image\/","url":"https:\/\/meliangrupp.ee\/wp-content\/uploads\/2024\/06\/MELIANKODUKALE.png","contentUrl":"https:\/\/meliangrupp.ee\/wp-content\/uploads\/2024\/06\/MELIANKODUKALE.png","width":220,"height":81,"caption":"Melian Grupp O\u00dc"},"image":{"@id":"https:\/\/meliangrupp.ee\/#\/schema\/logo\/image\/"},"description":"Melian Grupp O\u00dc on autohoolduse ja seadmete m\u00fc\u00fcgi ettev\u00f5te Eestis","email":"info@meliangrupp.ee"}]}},"_links":{"self":[{"href":"https:\/\/meliangrupp.ee\/en\/wp-json\/wp\/v2\/pages\/16043","targetHints":{"allow":["GET"]}}],"collection":[{"href":"https:\/\/meliangrupp.ee\/en\/wp-json\/wp\/v2\/pages"}],"about":[{"href":"https:\/\/meliangrupp.ee\/en\/wp-json\/wp\/v2\/types\/page"}],"author":[{"embeddable":true,"href":"https:\/\/meliangrupp.ee\/en\/wp-json\/wp\/v2\/users\/1"}],"replies":[{"embeddable":true,"href":"https:\/\/meliangrupp.ee\/en\/wp-json\/wp\/v2\/comments?post=16043"}],"version-history":[{"count":1,"href":"https:\/\/meliangrupp.ee\/en\/wp-json\/wp\/v2\/pages\/16043\/revisions"}],"predecessor-version":[{"id":16044,"href":"https:\/\/meliangrupp.ee\/en\/wp-json\/wp\/v2\/pages\/16043\/revisions\/16044"}],"wp:featuredmedia":[{"embeddable":true,"href":"https:\/\/meliangrupp.ee\/en\/wp-json\/"}],"wp:attachment":[{"href":"https:\/\/meliangrupp.ee\/en\/wp-json\/wp\/v2\/media?parent=16043"}],"curies":[{"name":"wp","href":"https:\/\/api.w.org\/{rel}","templated":true}]}}