{"id":16017,"date":"2021-01-25T06:45:14","date_gmt":"2021-01-25T04:45:14","guid":{"rendered":"https:\/\/meliangrupp.ee\/contact\/"},"modified":"2026-04-20T11:12:52","modified_gmt":"2026-04-20T09:12:52","slug":"contact","status":"publish","type":"page","link":"https:\/\/meliangrupp.ee\/en\/contact\/","title":{"rendered":"Contact"},"content":{"rendered":"\t\t<div data-elementor-type=\"wp-page\" data-elementor-id=\"16017\" class=\"elementor elementor-16017 elementor-5724\" data-elementor-post-type=\"page\">\n\t\t\t\t\t\t<section class=\"elementor-section elementor-top-section elementor-element elementor-element-90a0932 elementor-section-full_width elementor-section-height-default elementor-section-height-default\" data-id=\"90a0932\" data-element_type=\"section\" data-e-type=\"section\" data-settings=\"{&quot;background_background&quot;:&quot;classic&quot;}\">\n\t\t\t\t\t\t<div class=\"elementor-container elementor-column-gap-default\">\n\t\t\t\t\t<div class=\"elementor-column elementor-col-100 elementor-top-column elementor-element elementor-element-352c356\" data-id=\"352c356\" data-element_type=\"column\" data-e-type=\"column\">\n\t\t\t<div class=\"elementor-widget-wrap elementor-element-populated\">\n\t\t\t\t\t\t<div class=\"elementor-element elementor-element-1961817 elementor--h-position-center elementor--v-position-middle elementor-widget elementor-widget-slides\" data-id=\"1961817\" data-element_type=\"widget\" data-e-type=\"widget\" data-settings=\"{&quot;navigation&quot;:&quot;none&quot;,&quot;transition&quot;:&quot;slide&quot;,&quot;transition_speed&quot;:500}\" data-widget_type=\"slides.default\">\n\t\t\t\t<div class=\"elementor-widget-container\">\n\t\t\t\t\t\t\t\t\t<div class=\"elementor-swiper\">\n\t\t\t\t\t<div class=\"elementor-slides-wrapper elementor-main-swiper swiper\" role=\"region\" aria-roledescription=\"carousel\" aria-label=\"Slides\" dir=\"ltr\" data-animation=\"fadeInUp\">\n\t\t\t\t<div class=\"swiper-wrapper elementor-slides\">\n\t\t\t\t\t\t\t\t\t\t<div class=\"elementor-repeater-item-52303f6 swiper-slide\" role=\"group\" aria-roledescription=\"slide\"><div class=\"swiper-slide-bg\" role=\"img\" aria-label=\"ChatGPT Image 7 \u0430\u043f\u0440. 2026 \u0433., 12_40_55\"><\/div><div class=\"elementor-background-overlay\"><\/div><div class=\"swiper-slide-inner\" ><div class=\"swiper-slide-contents\"><div class=\"elementor-slide-heading\">CONTACT<\/div><\/div><\/div><\/div>\t\t\t\t<\/div>\n\t\t\t\t\t\t\t<\/div>\n\t\t\t\t<\/div>\n\t\t\t\t\t\t\t\t<\/div>\n\t\t\t\t<\/div>\n\t\t\t\t\t<\/div>\n\t\t<\/div>\n\t\t\t\t\t<\/div>\n\t\t<\/section>\n\t\t\t\t<section class=\"elementor-section elementor-top-section elementor-element elementor-element-7d736c5 elementor-section-boxed elementor-section-height-default elementor-section-height-default\" data-id=\"7d736c5\" data-element_type=\"section\" data-e-type=\"section\">\n\t\t\t\t\t\t<div class=\"elementor-container elementor-column-gap-default\">\n\t\t\t\t\t<div class=\"elementor-column elementor-col-100 elementor-top-column elementor-element elementor-element-407cd8f\" data-id=\"407cd8f\" data-element_type=\"column\" data-e-type=\"column\">\n\t\t\t<div class=\"elementor-widget-wrap elementor-element-populated\">\n\t\t\t\t\t\t<div class=\"elementor-element elementor-element-5eb550e elementor-widget elementor-widget-html\" data-id=\"5eb550e\" data-element_type=\"widget\" data-e-type=\"widget\" data-widget_type=\"html.default\">\n\t\t\t\t<div class=\"elementor-widget-container\">\n\t\t\t\t\t<div class=\"mg-top\">\r\n  <h2>What do we do?<\/h2>\r\n  <p>\r\n    Melian Grupp O\u00dc designs, supplies, installs, and services garage and car wash equipment. \r\n    We help find practical and reliable solutions based on the specific needs, workload, and budget of each project.\r\n  <\/p>\r\n  <p>\r\n    We offer equipment for different needs and across various price ranges \u2014 from entry-level solutions to mid-range and premium-class equipment. \r\n    We help you choose the right option whether it\u2019s for a smaller workshop or a large-scale professional project.\r\n  <\/p>\r\n\r\n  <ul class=\"mg-service-list\">\r\n    <li>We design garage and car wash solutions tailored to your project\u2019s needs<\/li>\r\n    <li>We supply equipment and help select the right technical solution<\/li>\r\n    <li>We install equipment professionally and efficiently<\/li>\r\n    <li>We provide maintenance and ongoing technical support<\/li>\r\n    <li>We deliver solutions for entry, mid, and premium-level projects<\/li>\r\n  <\/ul>\r\n<\/div>\r\n\r\n<div class=\"mg-contact-photo\">\r\n  <div>\r\n    <h3>Contact<\/h3>\r\n\r\n    <div class=\"mg-contact-lines\">\r\n      <div><strong>Phone:<\/strong> <a href=\"tel:+37256241766\">+372 5624 1766<\/a><\/div>\r\n      <div><strong>Phone:<\/strong> <a href=\"tel:+37255911837\">+372 5591 1837<\/a><\/div>\r\n      <div><strong>Email:<\/strong> <a href=\"mailto:info@meliangrupp.ee\">info@meliangrupp.ee<\/a><\/div>\r\n      <div><strong>Address:<\/strong> Luige 1\/10, 75404, Luige, Estonia<\/div>\r\n    <\/div>\r\n\r\n    <p class=\"mg-contact-note\">\r\n      If you would like more information, a quotation, or advice on the most suitable solution, feel free to contact us.\r\n    <\/p>\r\n  <\/div>\r\n<\/div>\r\n\r\n<div class=\"mg-form-block\">\r\n  <h3>Send a request<\/h3>\r\n  <p class=\"mg-form-text\">\r\n    If you would like to receive a quotation, additional information, or clarify technical questions, send us a request. \r\n    Required fields are phone number, email, and the reason for your inquiry. You can also attach photos if needed.\r\n  <\/p>\r\n<\/div>\t\t\t\t<\/div>\n\t\t\t\t<\/div>\n\t\t\t\t<div class=\"elementor-element elementor-element-7930f84 elementor-button-align-stretch elementor-widget elementor-widget-form\" data-id=\"7930f84\" data-element_type=\"widget\" data-e-type=\"widget\" data-settings=\"{&quot;step_next_label&quot;:&quot;Next&quot;,&quot;step_previous_label&quot;:&quot;Previous&quot;,&quot;button_width&quot;:&quot;100&quot;,&quot;step_type&quot;:&quot;number_text&quot;,&quot;step_icon_shape&quot;:&quot;circle&quot;}\" data-widget_type=\"form.default\">\n\t\t\t\t<div class=\"elementor-widget-container\">\n\t\t\t\t\t\t\t<form class=\"elementor-form\" method=\"post\" name=\"New Form\" aria-label=\"New Form\">\n\t\t\t<input type=\"hidden\" name=\"post_id\" value=\"16017\"\/>\n\t\t\t<input type=\"hidden\" name=\"form_id\" value=\"7930f84\"\/>\n\t\t\t<input type=\"hidden\" name=\"referer_title\" value=\"Contact - Melian Grupp O&Uuml;\" \/>\n\n\t\t\t\t\t\t\t<input type=\"hidden\" name=\"queried_id\" value=\"16017\"\/>\n\t\t\t\n\t\t\t<div class=\"elementor-form-fields-wrapper elementor-labels-above\">\n\t\t\t\t\t\t\t\t<div class=\"elementor-field-type-text elementor-field-group elementor-column elementor-field-group-name elementor-col-100\">\n\t\t\t\t\t\t\t\t\t\t\t\t<label for=\"form-field-name\" class=\"elementor-field-label\">\n\t\t\t\t\t\t\t\tName\t\t\t\t\t\t\t<\/label>\n\t\t\t\t\t\t\t\t\t\t\t\t\t\t<input size=\"1\" type=\"text\" name=\"form_fields[name]\" id=\"form-field-name\" class=\"elementor-field elementor-size-sm  elementor-field-textual\">\n\t\t\t\t\t\t\t\t\t\t\t<\/div>\n\t\t\t\t\t\t\t\t<div class=\"elementor-field-type-tel elementor-field-group elementor-column elementor-field-group-email elementor-col-100 elementor-field-required\">\n\t\t\t\t\t\t\t\t\t\t\t\t<label for=\"form-field-email\" class=\"elementor-field-label\">\n\t\t\t\t\t\t\t\tPhone\t\t\t\t\t\t\t<\/label>\n\t\t\t\t\t\t\t\t<input size=\"1\" type=\"tel\" name=\"form_fields[email]\" id=\"form-field-email\" class=\"elementor-field elementor-size-sm  elementor-field-textual\" required=\"required\" pattern=\"[0-9()#&amp;+*-=.]+\" title=\"Only numbers and phone characters (#, -, *, etc) are accepted.\">\n\n\t\t\t\t\t\t<\/div>\n\t\t\t\t\t\t\t\t<div class=\"elementor-field-type-email elementor-field-group elementor-column elementor-field-group-field_e4e863b elementor-col-100 elementor-field-required\">\n\t\t\t\t\t\t\t\t\t\t\t\t<label for=\"form-field-field_e4e863b\" class=\"elementor-field-label\">\n\t\t\t\t\t\t\t\tEmail\t\t\t\t\t\t\t<\/label>\n\t\t\t\t\t\t\t\t\t\t\t\t\t\t<input size=\"1\" type=\"email\" name=\"form_fields[field_e4e863b]\" id=\"form-field-field_e4e863b\" class=\"elementor-field elementor-size-sm  elementor-field-textual\" required=\"required\">\n\t\t\t\t\t\t\t\t\t\t\t<\/div>\n\t\t\t\t\t\t\t\t<div class=\"elementor-field-type-textarea elementor-field-group elementor-column elementor-field-group-message elementor-col-100 elementor-field-required\">\n\t\t\t\t\t\t\t\t\t\t\t\t<label for=\"form-field-message\" class=\"elementor-field-label\">\n\t\t\t\t\t\t\t\tReason for inquiry\t\t\t\t\t\t\t<\/label>\n\t\t\t\t\t\t<textarea class=\"elementor-field-textual elementor-field  elementor-size-sm\" name=\"form_fields[message]\" id=\"form-field-message\" rows=\"4\" placeholder=\"Example: request for quotation, question, technical inquiry\" required=\"required\"><\/textarea>\t\t\t\t<\/div>\n\t\t\t\t\t\t\t\t<div class=\"elementor-field-type-upload elementor-field-group elementor-column elementor-field-group-f elementor-col-100\">\n\t\t\t\t\t\t\t\t\t\t\t\t<label for=\"form-field-f\" class=\"elementor-field-label\">\n\t\t\t\t\t\t\t\tAdd Photos\t\t\t\t\t\t\t<\/label>\n\t\t\t\t\t\t\t\t<input type=\"file\" name=\"form_fields[f]\" id=\"form-field-f\" class=\"elementor-field elementor-size-sm  elementor-upload-field\">\n\n\t\t\t\t\t\t<\/div>\n\t\t\t\t\t\t\t\t<div class=\"elementor-field-group elementor-column elementor-field-type-submit elementor-col-100 e-form__buttons\">\n\t\t\t\t\t<button class=\"elementor-button elementor-size-sm\" type=\"submit\">\n\t\t\t\t\t\t<span class=\"elementor-button-content-wrapper\">\n\t\t\t\t\t\t\t\t\t\t\t\t\t\t\t\t\t\t\t\t\t\t<span class=\"elementor-button-text\">Submit<\/span>\n\t\t\t\t\t\t\t\t\t\t\t\t\t<\/span>\n\t\t\t\t\t<\/button>\n\t\t\t\t<\/div>\n\t\t\t<\/div>\n\t\t<\/form>\n\t\t\t\t\t\t<\/div>\n\t\t\t\t<\/div>\n\t\t\t\t<div class=\"elementor-element elementor-element-391af65 elementor-skin-carousel elementor-arrows-yes elementor-pagination-type-bullets elementor-pagination-position-outside elementor-widget elementor-widget-media-carousel\" data-id=\"391af65\" data-element_type=\"widget\" data-e-type=\"widget\" data-settings=\"{&quot;slides_per_view&quot;:&quot;7&quot;,&quot;autoplay_speed&quot;:3000,&quot;space_between&quot;:{&quot;unit&quot;:&quot;px&quot;,&quot;size&quot;:30,&quot;sizes&quot;:[]},&quot;slides_per_view_mobile&quot;:&quot;2&quot;,&quot;slides_to_scroll_mobile&quot;:&quot;1&quot;,&quot;skin&quot;:&quot;carousel&quot;,&quot;effect&quot;:&quot;slide&quot;,&quot;show_arrows&quot;:&quot;yes&quot;,&quot;pagination&quot;:&quot;bullets&quot;,&quot;speed&quot;:500,&quot;autoplay&quot;:&quot;yes&quot;,&quot;loop&quot;:&quot;yes&quot;,&quot;pause_on_hover&quot;:&quot;yes&quot;,&quot;pause_on_interaction&quot;:&quot;yes&quot;,&quot;space_between_tablet&quot;:{&quot;unit&quot;:&quot;px&quot;,&quot;size&quot;:10,&quot;sizes&quot;:[]},&quot;space_between_mobile&quot;:{&quot;unit&quot;:&quot;px&quot;,&quot;size&quot;:10,&quot;sizes&quot;:[]}}\" data-widget_type=\"media-carousel.default\">\n\t\t\t\t<div class=\"elementor-widget-container\">\n\t\t\t\t\t\t\t\t\t<div class=\"elementor-swiper\">\n\t\t\t\t\t<div class=\"elementor-main-swiper swiper\" role=\"region\" aria-roledescription=\"carousel\" aria-label=\"Slides\">\n\t\t\t\t<div class=\"swiper-wrapper\">\n\t\t\t\t\t\t\t\t\t\t\t<div class=\"swiper-slide\" role=\"group\" aria-roledescription=\"slide\">\n\t\t\t\t\t\t\t\t\t<div class=\"elementor-carousel-image\" role=\"img\" aria-label=\"images\" style=\"background-image: url(&#039;https:\/\/meliangrupp.ee\/wp-content\/uploads\/2024\/06\/images.png&#039;)\">\n\n\t\t\t\n\t\t\t\t\t<\/div>\n\t\t\t\t\t\t\t\t<\/div>\n\t\t\t\t\t\t\t\t\t\t\t<div class=\"swiper-slide\" role=\"group\" aria-roledescription=\"slide\">\n\t\t\t\t\t\t\t\t\t<div class=\"elementor-carousel-image\" role=\"img\" aria-label=\"nussbaum-logo-4c\" style=\"background-image: url(&#039;https:\/\/meliangrupp.ee\/wp-content\/uploads\/2024\/06\/nussbaum-logo-4c.svg&#039;)\">\n\n\t\t\t\n\t\t\t\t\t<\/div>\n\t\t\t\t\t\t\t\t<\/div>\n\t\t\t\t\t\t\t\t\t\t\t<div class=\"swiper-slide\" role=\"group\" aria-roledescription=\"slide\">\n\t\t\t\t\t\t\t\t\t<div class=\"elementor-carousel-image\" role=\"img\" aria-label=\"logo-stertil-koni\" style=\"background-image: url(&#039;https:\/\/meliangrupp.ee\/wp-content\/uploads\/2024\/06\/logo-stertil-koni.svg&#039;)\">\n\n\t\t\t\n\t\t\t\t\t<\/div>\n\t\t\t\t\t\t\t\t<\/div>\n\t\t\t\t\t\t\t\t\t\t\t<div class=\"swiper-slide\" role=\"group\" aria-roledescription=\"slide\">\n\t\t\t\t\t\t\t\t\t<div class=\"elementor-carousel-image\" role=\"img\" aria-label=\"Hunter\" style=\"background-image: url(&#039;https:\/\/meliangrupp.ee\/wp-content\/uploads\/2024\/06\/Hunter.jpg&#039;)\">\n\n\t\t\t\n\t\t\t\t\t<\/div>\n\t\t\t\t\t\t\t\t<\/div>\n\t\t\t\t\t\t\t\t\t\t\t<div class=\"swiper-slide\" role=\"group\" aria-roledescription=\"slide\">\n\t\t\t\t\t\t\t\t\t<div class=\"elementor-carousel-image\" role=\"img\" aria-label=\"logo_velyen_2020_Velyen_Anagrama-Color\" style=\"background-image: url(&#039;https:\/\/meliangrupp.ee\/wp-content\/uploads\/2024\/06\/logo_velyen_2020_Velyen_Anagrama-Color.png&#039;)\">\n\n\t\t\t\n\t\t\t\t\t<\/div>\n\t\t\t\t\t\t\t\t<\/div>\n\t\t\t\t\t\t\t\t\t\t\t<div class=\"swiper-slide\" role=\"group\" aria-roledescription=\"slide\">\n\t\t\t\t\t\t\t\t\t<div class=\"elementor-carousel-image\" role=\"img\" aria-label=\"Logo_2\" style=\"background-image: url(&#039;https:\/\/meliangrupp.ee\/wp-content\/uploads\/2024\/06\/Logo_2.png&#039;)\">\n\n\t\t\t\n\t\t\t\t\t<\/div>\n\t\t\t\t\t\t\t\t<\/div>\n\t\t\t\t\t\t\t\t\t\t\t<div class=\"swiper-slide\" role=\"group\" aria-roledescription=\"slide\">\n\t\t\t\t\t\t\t\t\t<div class=\"elementor-carousel-image\" role=\"img\" aria-label=\"risorsa2\" style=\"background-image: url(&#039;https:\/\/meliangrupp.ee\/wp-content\/uploads\/2024\/06\/risorsa2.png&#039;)\">\n\n\t\t\t\n\t\t\t\t\t<\/div>\n\t\t\t\t\t\t\t\t<\/div>\n\t\t\t\t\t\t\t\t\t\t\t<div class=\"swiper-slide\" role=\"group\" aria-roledescription=\"slide\">\n\t\t\t\t\t\t\t\t\t<div class=\"elementor-carousel-image\" role=\"img\" aria-label=\"logo_meclube\" style=\"background-image: url(&#039;https:\/\/meliangrupp.ee\/wp-content\/uploads\/2021\/01\/logo_meclube.jpg&#039;)\">\n\n\t\t\t\n\t\t\t\t\t<\/div>\n\t\t\t\t\t\t\t\t<\/div>\n\t\t\t\t\t\t\t\t\t\t\t<div class=\"swiper-slide\" role=\"group\" aria-roledescription=\"slide\">\n\t\t\t\t\t\t\t\t\t<div class=\"elementor-carousel-image\" role=\"img\" aria-label=\"femas_logo_transp\" style=\"background-image: url(&#039;https:\/\/meliangrupp.ee\/wp-content\/uploads\/2021\/01\/femas_logo_transp.png&#039;)\">\n\n\t\t\t\n\t\t\t\t\t<\/div>\n\t\t\t\t\t\t\t\t<\/div>\n\t\t\t\t\t\t\t\t\t\t\t<div class=\"swiper-slide\" role=\"group\" aria-roledescription=\"slide\">\n\t\t\t\t\t\t\t\t\t<div class=\"elementor-carousel-image\" role=\"img\" aria-label=\"suttner-logo\" style=\"background-image: url(&#039;https:\/\/meliangrupp.ee\/wp-content\/uploads\/2024\/07\/suttner-logo.png&#039;)\">\n\n\t\t\t\n\t\t\t\t\t<\/div>\n\t\t\t\t\t\t\t\t<\/div>\n\t\t\t\t\t\t\t\t\t<\/div>\n\t\t\t\t\t\t\t\t\t\t\t\t\t\t\t<div class=\"elementor-swiper-button elementor-swiper-button-prev\" role=\"button\" tabindex=\"0\" aria-label=\"Previous\">\n\t\t\t\t\t\t\t<i aria-hidden=\"true\" class=\"eicon-chevron-left\"><\/i>\t\t\t\t\t\t<\/div>\n\t\t\t\t\t\t<div class=\"elementor-swiper-button elementor-swiper-button-next\" role=\"button\" tabindex=\"0\" aria-label=\"Next\">\n\t\t\t\t\t\t\t<i aria-hidden=\"true\" class=\"eicon-chevron-right\"><\/i>\t\t\t\t\t\t<\/div>\n\t\t\t\t\t\t\t\t\t\t\t\t\t\t\t\t<div class=\"swiper-pagination\"><\/div>\n\t\t\t\t\t\t\t\t\t\t\t\t<\/div>\n\t\t\t\t<\/div>\n\t\t\t\t\t\t\t\t<\/div>\n\t\t\t\t<\/div>\n\t\t\t\t\t<\/div>\n\t\t<\/div>\n\t\t\t\t\t<\/div>\n\t\t<\/section>\n\t\t\t\t<section class=\"elementor-section elementor-top-section elementor-element elementor-element-0631490 elementor-section-boxed elementor-section-height-default elementor-section-height-default\" data-id=\"0631490\" data-element_type=\"section\" data-e-type=\"section\">\n\t\t\t\t\t\t<div class=\"elementor-container elementor-column-gap-default\">\n\t\t\t\t\t<div class=\"elementor-column elementor-col-100 elementor-top-column elementor-element elementor-element-a733abc\" data-id=\"a733abc\" data-element_type=\"column\" data-e-type=\"column\">\n\t\t\t<div class=\"elementor-widget-wrap\">\n\t\t\t\t\t\t\t<\/div>\n\t\t<\/div>\n\t\t\t\t\t<\/div>\n\t\t<\/section>\n\t\t\t\t<\/div>\n\t\t","protected":false},"excerpt":{"rendered":"<p>CONTACT What do we do? Melian Grupp O\u00dc designs, supplies, installs, and services garage and car wash equipment. We help find practical and reliable solutions based on the specific needs, workload, and budget of each project. We offer equipment for different needs and across various price ranges \u2014 from entry-level solutions to mid-range and premium-class [&hellip;]<\/p>\n","protected":false},"author":1,"featured_media":-1,"parent":0,"menu_order":0,"comment_status":"closed","ping_status":"closed","template":"","meta":{"footnotes":""},"class_list":["post-16017","page","type-page","status-publish","has-post-thumbnail","hentry"],"yoast_head":"<!-- This site is optimized with the Yoast SEO plugin v27.5 - https:\/\/yoast.com\/product\/yoast-seo-wordpress\/ -->\n<title>Contact - Melian Grupp O&Uuml;<\/title>\n<meta name=\"robots\" content=\"index, follow, max-snippet:-1, max-image-preview:large, max-video-preview:-1\" \/>\n<link rel=\"canonical\" href=\"https:\/\/meliangrupp.ee\/en\/contact\/\" \/>\n<meta property=\"og:locale\" content=\"en_US\" \/>\n<meta property=\"og:type\" content=\"article\" \/>\n<meta property=\"og:title\" content=\"Contact - Melian Grupp O&Uuml;\" \/>\n<meta property=\"og:description\" content=\"CONTACT What do we do? Melian Grupp O\u00dc designs, supplies, installs, and services garage and car wash equipment. We help find practical and reliable solutions based on the specific needs, workload, and budget of each project. We offer equipment for different needs and across various price ranges \u2014 from entry-level solutions to mid-range and premium-class [&hellip;]\" \/>\n<meta property=\"og:url\" content=\"https:\/\/meliangrupp.ee\/en\/contact\/\" \/>\n<meta property=\"og:site_name\" content=\"Melian Grupp O&Uuml;\" \/>\n<meta property=\"article:modified_time\" content=\"2026-04-20T09:12:52+00:00\" \/>\n<meta name=\"twitter:card\" content=\"summary_large_image\" \/>\n<meta name=\"twitter:label1\" content=\"Est. reading time\" \/>\n\t<meta name=\"twitter:data1\" content=\"1 minute\" \/>\n<script type=\"application\/ld+json\" class=\"yoast-schema-graph\">{\"@context\":\"https:\\\/\\\/schema.org\",\"@graph\":[{\"@type\":\"WebPage\",\"@id\":\"https:\\\/\\\/meliangrupp.ee\\\/en\\\/contact\\\/\",\"url\":\"https:\\\/\\\/meliangrupp.ee\\\/en\\\/contact\\\/\",\"name\":\"Contact - Melian Grupp O&Uuml;\",\"isPartOf\":{\"@id\":\"https:\\\/\\\/meliangrupp.ee\\\/#website\"},\"datePublished\":\"2021-01-25T04:45:14+00:00\",\"dateModified\":\"2026-04-20T09:12:52+00:00\",\"breadcrumb\":{\"@id\":\"https:\\\/\\\/meliangrupp.ee\\\/en\\\/contact\\\/#breadcrumb\"},\"inLanguage\":\"en-US\",\"potentialAction\":[{\"@type\":\"ReadAction\",\"target\":[\"https:\\\/\\\/meliangrupp.ee\\\/en\\\/contact\\\/\"]}]},{\"@type\":\"BreadcrumbList\",\"@id\":\"https:\\\/\\\/meliangrupp.ee\\\/en\\\/contact\\\/#breadcrumb\",\"itemListElement\":[{\"@type\":\"ListItem\",\"position\":1,\"name\":\"Home\",\"item\":\"https:\\\/\\\/meliangrupp.ee\\\/en\\\/\"},{\"@type\":\"ListItem\",\"position\":2,\"name\":\"Contact\"}]},{\"@type\":\"WebSite\",\"@id\":\"https:\\\/\\\/meliangrupp.ee\\\/#website\",\"url\":\"https:\\\/\\\/meliangrupp.ee\\\/\",\"name\":\"Melian Grupp O\u00dc\",\"description\":\"Autopesu- ja garaa\u017eiseadmete paigalduse, hoolduse- ja remont\",\"publisher\":{\"@id\":\"https:\\\/\\\/meliangrupp.ee\\\/#organization\"},\"potentialAction\":[{\"@type\":\"SearchAction\",\"target\":{\"@type\":\"EntryPoint\",\"urlTemplate\":\"https:\\\/\\\/meliangrupp.ee\\\/?s={search_term_string}\"},\"query-input\":{\"@type\":\"PropertyValueSpecification\",\"valueRequired\":true,\"valueName\":\"search_term_string\"}}],\"inLanguage\":\"en-US\"},{\"@type\":\"Organization\",\"@id\":\"https:\\\/\\\/meliangrupp.ee\\\/#organization\",\"name\":\"Melian Grupp O\u00dc\",\"url\":\"https:\\\/\\\/meliangrupp.ee\\\/\",\"logo\":{\"@type\":\"ImageObject\",\"inLanguage\":\"en-US\",\"@id\":\"https:\\\/\\\/meliangrupp.ee\\\/#\\\/schema\\\/logo\\\/image\\\/\",\"url\":\"https:\\\/\\\/meliangrupp.ee\\\/wp-content\\\/uploads\\\/2024\\\/06\\\/MELIANKODUKALE.png\",\"contentUrl\":\"https:\\\/\\\/meliangrupp.ee\\\/wp-content\\\/uploads\\\/2024\\\/06\\\/MELIANKODUKALE.png\",\"width\":220,\"height\":81,\"caption\":\"Melian Grupp O\u00dc\"},\"image\":{\"@id\":\"https:\\\/\\\/meliangrupp.ee\\\/#\\\/schema\\\/logo\\\/image\\\/\"},\"description\":\"Melian Grupp O\u00dc on autohoolduse ja seadmete m\u00fc\u00fcgi ettev\u00f5te Eestis\",\"email\":\"info@meliangrupp.ee\"}]}<\/script>\n<!-- \/ Yoast SEO plugin. -->","yoast_head_json":{"title":"Contact - Melian Grupp O&Uuml;","robots":{"index":"index","follow":"follow","max-snippet":"max-snippet:-1","max-image-preview":"max-image-preview:large","max-video-preview":"max-video-preview:-1"},"canonical":"https:\/\/meliangrupp.ee\/en\/contact\/","og_locale":"en_US","og_type":"article","og_title":"Contact - Melian Grupp O&Uuml;","og_description":"CONTACT What do we do? Melian Grupp O\u00dc designs, supplies, installs, and services garage and car wash equipment. We help find practical and reliable solutions based on the specific needs, workload, and budget of each project. We offer equipment for different needs and across various price ranges \u2014 from entry-level solutions to mid-range and premium-class [&hellip;]","og_url":"https:\/\/meliangrupp.ee\/en\/contact\/","og_site_name":"Melian Grupp O&Uuml;","article_modified_time":"2026-04-20T09:12:52+00:00","twitter_card":"summary_large_image","twitter_misc":{"Est. reading time":"1 minute"},"schema":{"@context":"https:\/\/schema.org","@graph":[{"@type":"WebPage","@id":"https:\/\/meliangrupp.ee\/en\/contact\/","url":"https:\/\/meliangrupp.ee\/en\/contact\/","name":"Contact - Melian Grupp O&Uuml;","isPartOf":{"@id":"https:\/\/meliangrupp.ee\/#website"},"datePublished":"2021-01-25T04:45:14+00:00","dateModified":"2026-04-20T09:12:52+00:00","breadcrumb":{"@id":"https:\/\/meliangrupp.ee\/en\/contact\/#breadcrumb"},"inLanguage":"en-US","potentialAction":[{"@type":"ReadAction","target":["https:\/\/meliangrupp.ee\/en\/contact\/"]}]},{"@type":"BreadcrumbList","@id":"https:\/\/meliangrupp.ee\/en\/contact\/#breadcrumb","itemListElement":[{"@type":"ListItem","position":1,"name":"Home","item":"https:\/\/meliangrupp.ee\/en\/"},{"@type":"ListItem","position":2,"name":"Contact"}]},{"@type":"WebSite","@id":"https:\/\/meliangrupp.ee\/#website","url":"https:\/\/meliangrupp.ee\/","name":"Melian Grupp O\u00dc","description":"Autopesu- ja garaa\u017eiseadmete paigalduse, hoolduse- ja remont","publisher":{"@id":"https:\/\/meliangrupp.ee\/#organization"},"potentialAction":[{"@type":"SearchAction","target":{"@type":"EntryPoint","urlTemplate":"https:\/\/meliangrupp.ee\/?s={search_term_string}"},"query-input":{"@type":"PropertyValueSpecification","valueRequired":true,"valueName":"search_term_string"}}],"inLanguage":"en-US"},{"@type":"Organization","@id":"https:\/\/meliangrupp.ee\/#organization","name":"Melian Grupp O\u00dc","url":"https:\/\/meliangrupp.ee\/","logo":{"@type":"ImageObject","inLanguage":"en-US","@id":"https:\/\/meliangrupp.ee\/#\/schema\/logo\/image\/","url":"https:\/\/meliangrupp.ee\/wp-content\/uploads\/2024\/06\/MELIANKODUKALE.png","contentUrl":"https:\/\/meliangrupp.ee\/wp-content\/uploads\/2024\/06\/MELIANKODUKALE.png","width":220,"height":81,"caption":"Melian Grupp O\u00dc"},"image":{"@id":"https:\/\/meliangrupp.ee\/#\/schema\/logo\/image\/"},"description":"Melian Grupp O\u00dc on autohoolduse ja seadmete m\u00fc\u00fcgi ettev\u00f5te Eestis","email":"info@meliangrupp.ee"}]}},"_links":{"self":[{"href":"https:\/\/meliangrupp.ee\/en\/wp-json\/wp\/v2\/pages\/16017","targetHints":{"allow":["GET"]}}],"collection":[{"href":"https:\/\/meliangrupp.ee\/en\/wp-json\/wp\/v2\/pages"}],"about":[{"href":"https:\/\/meliangrupp.ee\/en\/wp-json\/wp\/v2\/types\/page"}],"author":[{"embeddable":true,"href":"https:\/\/meliangrupp.ee\/en\/wp-json\/wp\/v2\/users\/1"}],"replies":[{"embeddable":true,"href":"https:\/\/meliangrupp.ee\/en\/wp-json\/wp\/v2\/comments?post=16017"}],"version-history":[{"count":7,"href":"https:\/\/meliangrupp.ee\/en\/wp-json\/wp\/v2\/pages\/16017\/revisions"}],"predecessor-version":[{"id":19360,"href":"https:\/\/meliangrupp.ee\/en\/wp-json\/wp\/v2\/pages\/16017\/revisions\/19360"}],"wp:featuredmedia":[{"embeddable":true,"href":"https:\/\/meliangrupp.ee\/en\/wp-json\/"}],"wp:attachment":[{"href":"https:\/\/meliangrupp.ee\/en\/wp-json\/wp\/v2\/media?parent=16017"}],"curies":[{"name":"wp","href":"https:\/\/api.w.org\/{rel}","templated":true}]}}